{"id":98,"date":"2026-03-12T17:39:07","date_gmt":"2026-03-12T17:39:07","guid":{"rendered":"https:\/\/tools.sanepo.com\/sobre-nosotros\/"},"modified":"2026-03-25T00:11:19","modified_gmt":"2026-03-25T00:11:19","slug":"sobre-nosotros","status":"publish","type":"page","link":"https:\/\/tools.sanepo.com\/es\/sobre-nosotros\/","title":{"rendered":"Sobre Nosotros"},"content":{"rendered":"\n<p>Bienvenido a <strong>Sanepo Tools<\/strong> (tools.sanepo.com), su destino principal para utilidades en l\u00ednea r\u00e1pidas, seguras y gratuitas.<\/p>\n\n<p>En un panorama digital a menudo abarrotado de costosas suscripciones de software y pesadas aplicaciones de escritorio, reconocimos la necesidad de un enfoque m\u00e1s simple. Sanepo Tools fue creado para proporcionar a los usuarios de internet, profesionales digitales y estudiantes acceso inmediato a herramientas esenciales de productividad directamente a trav\u00e9s de sus navegadores web.<\/p>\n\n<h2 class=\"wp-block-heading\">Nuestra Misi\u00f3n: Democratizar la Productividad Digital<\/h2>\n\n<p>Nuestra misi\u00f3n principal es simple: hacer que la productividad digital sea accesible para todos, en todas partes, sin barreras.<\/p>\n\n<p>Creemos que las tareas digitales b\u00e1sicas \u2014ya sea que necesite comprimir un JPG de alta resoluci\u00f3n para un blog, convertir formatos de documentos o utilizar calculadoras complejas\u2014 no deber\u00edan requerir experiencia t\u00e9cnica, registros de cuenta o tarifas premium. Nos esforzamos por ofrecer aplicaciones web de nivel profesional, altamente optimizadas, que le ahorren tiempo y agilicen su flujo de trabajo.<\/p>\n\n<h2 class=\"wp-block-heading\">Historia y Filosof\u00eda<\/h2>\n\n<p>Sanepo Tools comenz\u00f3 como una iniciativa apasionada para resolver una frustraci\u00f3n com\u00fan: la falta de herramientas en l\u00ednea fiables, centradas en la privacidad y r\u00e1pidas.<\/p>\n\n<p>Desarrollada y mantenida por el <strong>Equipo Sanepo<\/strong> \u2014un colectivo dedicado de desarrolladores web, dise\u00f1adores de UI\/UX y entusiastas digitales\u2014 nuestra plataforma naci\u00f3 del deseo de simplificar la web. Desde nuestra creaci\u00f3n, nuestra hoja de ruta de desarrollo ha sido estrictamente guiada por un principio: la experiencia del usuario es lo primero. Refinamos continuamente nuestros algoritmos e interfaces de usuario bas\u00e1ndonos en la retroalimentaci\u00f3n directa de la comunidad y los \u00faltimos avances tecnol\u00f3gicos en el desarrollo web.<\/p>\n\n<h2 class=\"wp-block-heading\">Estructura de Propiedad e Independencia<\/h2>\n\n<p>La transparencia es una piedra angular de la confianza global. Sanepo Tools opera como una entidad digital totalmente independiente.<\/p>\n\n<p>No somos propiedad de, ni estamos afiliados o financiados por ning\u00fan gran conglomerado tecnol\u00f3gico o empresa matriz de medios. Esta independencia es crucial; nos permite mantenernos \u00e1giles, imparciales y completamente enfocados en construir las mejores herramientas posibles para nuestros usuarios, en lugar de satisfacer a los accionistas corporativos o impulsar agendas ocultas. El Equipo Sanepo mantiene el 100% de control sobre nuestras directrices editoriales, desarrollo de herramientas y est\u00e1ndares de privacidad.<\/p>\n\n<h2 class=\"wp-block-heading\">Transparencia de Financiaci\u00f3n: C\u00f3mo Nos Mantenemos 100% Gratuitos<\/h2>\n\n<p>Construir y mantener un conjunto de aplicaciones web de alto rendimiento requiere recursos significativos, incluyendo infraestructura de servidor, monitoreo de seguridad e ingenier\u00eda continua.<\/p>\n\n<p>Para asegurar que Sanepo Tools permanezca <strong>100% gratuito para todos los usuarios a nivel mundial<\/strong>, nuestra plataforma se financia principalmente a trav\u00e9s de:<\/p>\n\n<ol class=\"wp-block-list\">\n<li><strong>Publicidad Gr\u00e1fica:<\/strong> Nos asociamos con redes publicitarias premium para mostrar anuncios no intrusivos en nuestro sitio web. Evaluamos estrictamente a nuestros socios publicitarios para asegurar que los anuncios mostrados sean seguros y relevantes, sin comprometer su experiencia de navegaci\u00f3n o la velocidad del sitio web.<\/li>\n\n\n\n<li><strong>Asociaciones de Afiliados:<\/strong> Ocasionalmente, podemos recomendar software, servicios o hardware externos en los que realmente creemos. Si realiza una compra a trav\u00e9s de nuestros enlaces de afiliados, podemos ganar una peque\u00f1a comisi\u00f3n sin costo adicional para usted.<\/li>\n<\/ol>\n\n<p>Estas fuentes de ingresos transparentes nos permiten cubrir nuestros costos operativos mientras mantenemos nuestra promesa de cero retenci\u00f3n de datos y nos negamos a poner las utilidades b\u00e1sicas detr\u00e1s de un muro de pago.<\/p>\n\n<p><em>Para consultas sobre asociaciones, publicidad o nuestra estructura operativa, visite nuestra p\u00e1gina de <\/em><a href=\"https:\/\/tools.sanepo.com\/contact-us\/\"><em>Contacto<\/em><\/a><em>.<\/em><\/p>\n","protected":false},"excerpt":{"rendered":"<p>Bienvenido a Sanepo Tools (tools.sanepo.com), su destino principal para utilidades en l\u00ednea r\u00e1pidas, seguras y gratuitas. En un panorama digital a menudo abarrotado de costosas suscripciones de software y pesadas aplicaciones de escritorio, reconocimos la necesidad de un enfoque m\u00e1s simple. Sanepo Tools fue creado para proporcionar a los usuarios de internet, profesionales digitales y [&hellip;]<\/p>\n","protected":false},"author":1,"featured_media":0,"parent":0,"menu_order":0,"comment_status":"closed","ping_status":"closed","template":"","meta":{"footnotes":""},"class_list":["post-98","page","type-page","status-publish","hentry"],"_links":{"self":[{"href":"https:\/\/tools.sanepo.com\/es\/wp-json\/wp\/v2\/pages\/98","targetHints":{"allow":["GET"]}}],"collection":[{"href":"https:\/\/tools.sanepo.com\/es\/wp-json\/wp\/v2\/pages"}],"about":[{"href":"https:\/\/tools.sanepo.com\/es\/wp-json\/wp\/v2\/types\/page"}],"author":[{"embeddable":true,"href":"https:\/\/tools.sanepo.com\/es\/wp-json\/wp\/v2\/users\/1"}],"replies":[{"embeddable":true,"href":"https:\/\/tools.sanepo.com\/es\/wp-json\/wp\/v2\/comments?post=98"}],"version-history":[{"count":1,"href":"https:\/\/tools.sanepo.com\/es\/wp-json\/wp\/v2\/pages\/98\/revisions"}],"predecessor-version":[{"id":99,"href":"https:\/\/tools.sanepo.com\/es\/wp-json\/wp\/v2\/pages\/98\/revisions\/99"}],"wp:attachment":[{"href":"https:\/\/tools.sanepo.com\/es\/wp-json\/wp\/v2\/media?parent=98"}],"curies":[{"name":"wp","href":"https:\/\/api.w.org\/{rel}","templated":true}]}}