{"id":104,"date":"2026-03-12T17:49:08","date_gmt":"2026-03-12T17:49:08","guid":{"rendered":"https:\/\/tools.sanepo.com\/notre-equipe\/"},"modified":"2026-03-25T00:11:19","modified_gmt":"2026-03-25T00:11:19","slug":"notre-equipe","status":"publish","type":"page","link":"https:\/\/tools.sanepo.com\/fr\/notre-equipe\/","title":{"rendered":"Notre \u00c9quipe"},"content":{"rendered":"\n<p>Chez <strong>Sanepo Tools<\/strong>, nous pensons que derri\u00e8re chaque excellent utilitaire num\u00e9rique se cache une \u00e9quipe de professionnels passionn\u00e9s, m\u00e9ticuleux et ax\u00e9s sur l&#8217;utilisateur. Bien que nos outils fonctionnent parfaitement dans le cloud, ils sont construits, maintenus et rigoureusement test\u00e9s par de vrais humains soucieux de votre productivit\u00e9 num\u00e9rique.<\/p>\n\n<p>Notre \u00e9quipe principale op\u00e8re selon un cadre agile, combinant une expertise technique approfondie avec un profond respect de la confidentialit\u00e9 et de l&#8217;accessibilit\u00e9 des utilisateurs.<\/p>\n\n<h2 class=\"wp-block-heading\">Notre Direction et D\u00e9partements Cl\u00e9s<\/h2>\n\n<p>Pour maintenir la transparence et la responsabilit\u00e9, voici la structure organisationnelle et l&#8217;annuaire de la direction de l&#8217;\u00e9quipe Sanepo :<\/p>\n\n<h3 class=\"wp-block-heading\">1. Ing\u00e9nierie et Architecture Principales<\/h3>\n\n<p><strong>R\u00f4le :<\/strong> Directeur de la Technologie (CTO) \/ D\u00e9veloppeur Principal<\/p>\n\n<p><em>La colonne vert\u00e9brale de notre plateforme. Ce d\u00e9partement est responsable de l&#8217;\u00e9criture des algorithmes de base, de l&#8217;optimisation des temps de r\u00e9ponse du serveur et de la garantie que les t\u00e2ches complexes \u2013 comme la compression d&#8217;images ou la conversion de formats \u2013 se produisent instantan\u00e9ment dans votre navigateur.<\/em><\/p>\n\n<ul class=\"wp-block-list\">\n<li><strong>Domaines d&#8217;intervention :<\/strong> Logique de base, impl\u00e9mentation WebAssembly, int\u00e9grations API et optimisation continue des performances.<\/li>\n<\/ul>\n\n<h3 class=\"wp-block-heading\">2. Conception UI\/UX et Accessibilit\u00e9<\/h3>\n\n<p><strong>R\u00f4le :<\/strong> Responsable de la Conception Produit<\/p>\n\n<p><em>Nous pensons que les outils puissants ne devraient pas n\u00e9cessiter de manuel d&#8217;utilisation. Notre direction du design veille \u00e0 ce que chaque interface de Sanepo Tools soit intuitive, minimale et enti\u00e8rement r\u00e9active sur tous les appareils mobiles et de bureau.<\/em><\/p>\n\n<ul class=\"wp-block-list\">\n<li><strong>Domaines d&#8217;intervention :<\/strong> Conceptions mobile-first, conformit\u00e9 WCAG en mati\u00e8re d&#8217;accessibilit\u00e9, int\u00e9gration des modes Sombre\/Clair et cartographie du parcours utilisateur.<\/li>\n<\/ul>\n\n<h3 class=\"wp-block-heading\">3. S\u00e9curit\u00e9 de l&#8217;Information et Assurance Qualit\u00e9 (AQ)<\/h3>\n\n<p><strong>R\u00f4le :<\/strong> Directeur de la S\u00e9curit\u00e9 &amp; de la Confidentialit\u00e9<\/p>\n\n<p><em>La s\u00e9curit\u00e9 de vos donn\u00e9es est notre priorit\u00e9 absolue. Cette \u00e9quipe agit comme notre chien de garde interne, testant rigoureusement nos outils pour s&#8217;assurer que nos politiques de r\u00e9tention de donn\u00e9es nulles sont techniquement appliqu\u00e9es et que notre infrastructure reste s\u00e9curis\u00e9e contre les menaces \u00e9mergentes.<\/em><\/p>\n\n<ul class=\"wp-block-list\">\n<li><strong>Domaines d&#8217;intervention :<\/strong> Protocoles de chiffrement SSL\/TLS, validation du traitement c\u00f4t\u00e9 client, chasse aux bugs et audit de s\u00e9curit\u00e9 automatis\u00e9.<\/li>\n<\/ul>\n\n<h3 class=\"wp-block-heading\">4. Contenu, Documentation &amp; SEO<\/h3>\n\n<p><strong>R\u00f4le :<\/strong> R\u00e9dacteur en Chef \/ R\u00e9dacteur Technique<\/p>\n\n<p><em>Des instructions claires am\u00e9liorent nos outils. Notre \u00e9quipe de contenu est responsable de la r\u00e9daction des guides complets, des FAQ et des articles tutoriels que l&#8217;on trouve sous chaque espace de travail d&#8217;outil, garantissant que les utilisateurs savent exactement comment obtenir les meilleurs r\u00e9sultats.<\/em><\/p>\n\n<ul class=\"wp-block-list\">\n<li><strong>Domaines d&#8217;intervention :<\/strong> Contenu \u00e9ducatif, documentation des outils, structure SEO s\u00e9mantique et recherche de requ\u00eates utilisateur.<\/li>\n<\/ul>\n\n<h2 class=\"wp-block-heading\">Rejoignez Notre Mission<\/h2>\n\n<p>L&#8217;\u00e9quipe Sanepo cherche toujours \u00e0 collaborer avec des d\u00e9veloppeurs brillants, des chercheurs en s\u00e9curit\u00e9 et des designers. Si vous \u00eates passionn\u00e9 par le web ouvert et souhaitez contribuer \u00e0 une plateforme qui aide des millions d&#8217;utilisateurs \u00e0 simplifier leur vie num\u00e9rique, veuillez nous contacter via notre page <a href=\"https:\/\/tools.sanepo.com\/contact-us\/\">Contactez-nous<\/a>.<\/p>\n\n<p><em>(<strong>Note pour le propri\u00e9taire du site :<\/strong> Pour maximiser les signaux E-E-A-T de Google, nous recommandons fortement de remplacer les r\u00f4les g\u00e9n\u00e9riques ci-dessus par les noms r\u00e9els et de cr\u00e9er des liens vers les profils professionnels LinkedIn ou X\/Twitter de vos membres cl\u00e9s de l&#8217;\u00e9quipe. Des auteurs humains authentiques et v\u00e9rifiables am\u00e9liorent consid\u00e9rablement la confiance des moteurs de recherche.)<\/em><\/p>\n","protected":false},"excerpt":{"rendered":"<p>Chez Sanepo Tools, nous pensons que derri\u00e8re chaque excellent utilitaire num\u00e9rique se cache une \u00e9quipe de professionnels passionn\u00e9s, m\u00e9ticuleux et ax\u00e9s sur l&#8217;utilisateur. Bien que nos outils fonctionnent parfaitement dans le cloud, ils sont construits, maintenus et rigoureusement test\u00e9s par de vrais humains soucieux de votre productivit\u00e9 num\u00e9rique. Notre \u00e9quipe principale op\u00e8re selon un cadre [&hellip;]<\/p>\n","protected":false},"author":1,"featured_media":0,"parent":0,"menu_order":0,"comment_status":"closed","ping_status":"closed","template":"","meta":{"footnotes":""},"class_list":["post-104","page","type-page","status-publish","hentry"],"_links":{"self":[{"href":"https:\/\/tools.sanepo.com\/fr\/wp-json\/wp\/v2\/pages\/104","targetHints":{"allow":["GET"]}}],"collection":[{"href":"https:\/\/tools.sanepo.com\/fr\/wp-json\/wp\/v2\/pages"}],"about":[{"href":"https:\/\/tools.sanepo.com\/fr\/wp-json\/wp\/v2\/types\/page"}],"author":[{"embeddable":true,"href":"https:\/\/tools.sanepo.com\/fr\/wp-json\/wp\/v2\/users\/1"}],"replies":[{"embeddable":true,"href":"https:\/\/tools.sanepo.com\/fr\/wp-json\/wp\/v2\/comments?post=104"}],"version-history":[{"count":1,"href":"https:\/\/tools.sanepo.com\/fr\/wp-json\/wp\/v2\/pages\/104\/revisions"}],"predecessor-version":[{"id":105,"href":"https:\/\/tools.sanepo.com\/fr\/wp-json\/wp\/v2\/pages\/104\/revisions\/105"}],"wp:attachment":[{"href":"https:\/\/tools.sanepo.com\/fr\/wp-json\/wp\/v2\/media?parent=104"}],"curies":[{"name":"wp","href":"https:\/\/api.w.org\/{rel}","templated":true}]}}