{"id":92,"date":"2026-03-12T17:39:07","date_gmt":"2026-03-12T17:39:07","guid":{"rendered":"https:\/\/tools.sanepo.com\/a-propos-de-nous\/"},"modified":"2026-03-25T00:11:19","modified_gmt":"2026-03-25T00:11:19","slug":"a-propos-de-nous","status":"publish","type":"page","link":"https:\/\/tools.sanepo.com\/fr\/a-propos-de-nous\/","title":{"rendered":"\u00c0 propos de nous"},"content":{"rendered":"\n<p>Bienvenue sur <strong>Sanepo Tools<\/strong> (tools.sanepo.com), votre destination privil\u00e9gi\u00e9e pour des utilitaires en ligne rapides, s\u00e9curis\u00e9s et gratuits.<\/p>\n\n<p>Dans un paysage num\u00e9rique souvent encombr\u00e9 d&#8217;abonnements logiciels co\u00fbteux et d&#8217;applications de bureau lourdes, nous avons reconnu le besoin d&#8217;une approche plus simple. Sanepo Tools a \u00e9t\u00e9 con\u00e7u pour offrir aux utilisateurs d&#8217;Internet, aux professionnels du num\u00e9rique et aux \u00e9tudiants un acc\u00e8s imm\u00e9diat aux outils de productivit\u00e9 essentiels directement via leur navigateur web.<\/p>\n\n<h2 class=\"wp-block-heading\">Notre mission : D\u00e9mocratiser la productivit\u00e9 num\u00e9rique<\/h2>\n\n<p>Notre mission principale est simple : rendre la productivit\u00e9 num\u00e9rique accessible \u00e0 tous, partout, sans barri\u00e8res.<\/p>\n\n<p>Nous pensons que les t\u00e2ches num\u00e9riques de base \u2013 que vous ayez besoin de compresser un JPG haute r\u00e9solution pour un blog, de convertir des formats de documents ou d&#8217;utiliser des calculatrices complexes \u2013 ne devraient pas n\u00e9cessiter d&#8217;expertise technique, d&#8217;enregistrements de compte ou de frais premium. Nous nous effor\u00e7ons de fournir des applications web de qualit\u00e9 professionnelle, hautement optimis\u00e9es, qui vous font gagner du temps et simplifient votre flux de travail.<\/p>\n\n<h2 class=\"wp-block-heading\">Histoire et philosophie<\/h2>\n\n<p>Sanepo Tools a d\u00e9but\u00e9 comme une initiative passionn\u00e9e visant \u00e0 r\u00e9soudre une frustration courante : le manque d&#8217;outils en ligne fiables, ax\u00e9s sur la confidentialit\u00e9 et rapides.<\/p>\n\n<p>D\u00e9velopp\u00e9e et maintenue par la <strong>Sanepo Team<\/strong> \u2013 un collectif d\u00e9di\u00e9 de d\u00e9veloppeurs web, de designers UI\/UX et de passionn\u00e9s du num\u00e9rique \u2013 notre plateforme est n\u00e9e d&#8217;un d\u00e9sir de simplifier le web. Depuis notre cr\u00e9ation, notre feuille de route de d\u00e9veloppement a \u00e9t\u00e9 strictement guid\u00e9e par un principe : l&#8217;exp\u00e9rience utilisateur prime. Nous affinons continuellement nos algorithmes et nos interfaces utilisateur en fonction des retours directs de la communaut\u00e9 et des derni\u00e8res avanc\u00e9es technologiques en mati\u00e8re de d\u00e9veloppement web.<\/p>\n\n<h2 class=\"wp-block-heading\">Structure de propri\u00e9t\u00e9 et ind\u00e9pendance<\/h2>\n\n<p>La transparence est une pierre angulaire de la confiance mondiale. Sanepo Tools fonctionne comme une entit\u00e9 num\u00e9rique enti\u00e8rement ind\u00e9pendante.<\/p>\n\n<p>Nous ne sommes ni d\u00e9tenus, ni affili\u00e9s, ni financ\u00e9s par un grand conglom\u00e9rat technologique ou une soci\u00e9t\u00e9 m\u00e8re m\u00e9diatique. Cette ind\u00e9pendance est cruciale ; elle nous permet de rester agiles, impartiaux et enti\u00e8rement concentr\u00e9s sur la cr\u00e9ation des meilleurs outils possibles pour nos utilisateurs, plut\u00f4t que de satisfaire les actionnaires d&#8217;entreprise ou de promouvoir des agendas cach\u00e9s. La Sanepo Team conserve un contr\u00f4le \u00e0 100 % sur nos directives \u00e9ditoriales, le d\u00e9veloppement de nos outils et nos normes de confidentialit\u00e9.<\/p>\n\n<h2 class=\"wp-block-heading\">Transparence du financement : Comment nous restons 100 % gratuits<\/h2>\n\n<p>La cr\u00e9ation et la maintenance d&#8217;une suite d&#8217;applications web haute performance n\u00e9cessitent des ressources importantes, notamment une infrastructure de serveurs, une surveillance de la s\u00e9curit\u00e9 et une ing\u00e9nierie continue.<\/p>\n\n<p>Pour garantir que Sanepo Tools reste <strong>100 % gratuit pour tous les utilisateurs du monde entier<\/strong>, notre plateforme est principalement financ\u00e9e par :<\/p>\n\n<ol class=\"wp-block-list\">\n<li><strong>Publicit\u00e9 d&#8217;affichage :<\/strong> Nous collaborons avec des r\u00e9seaux publicitaires premium pour afficher des publicit\u00e9s non intrusives sur notre site web. Nous examinons rigoureusement nos partenaires publicitaires pour nous assurer que les publicit\u00e9s affich\u00e9es sont s\u00fbres et pertinentes, sans compromettre votre exp\u00e9rience de navigation ou la vitesse du site web.<\/li>\n\n\n\n<li><strong>Partenariats d&#8217;affiliation :<\/strong> Occasionnellement, nous pouvons recommander des logiciels, services ou mat\u00e9riels externes auxquels nous croyons sinc\u00e8rement. Si vous achetez via nos liens d&#8217;affiliation, nous pouvons gagner une petite commission sans co\u00fbt suppl\u00e9mentaire pour vous.<\/li>\n<\/ol>\n\n<p>Ces sources de revenus transparentes nous permettent de couvrir nos co\u00fbts op\u00e9rationnels tout en respectant notre promesse de non-conservation des donn\u00e9es et en refusant de placer les utilitaires de base derri\u00e8re un mur de paiement.<\/p>\n\n<p><em>Pour toute question concernant les partenariats, la publicit\u00e9 ou notre structure op\u00e9rationnelle, veuillez visiter notre page <\/em><a href=\"https:\/\/tools.sanepo.com\/contact-us\/\"><em>Contactez-nous<\/em><\/a><em>.<\/em><\/p>\n","protected":false},"excerpt":{"rendered":"<p>Bienvenue sur Sanepo Tools (tools.sanepo.com), votre destination privil\u00e9gi\u00e9e pour des utilitaires en ligne rapides, s\u00e9curis\u00e9s et gratuits. Dans un paysage num\u00e9rique souvent encombr\u00e9 d&#8217;abonnements logiciels co\u00fbteux et d&#8217;applications de bureau lourdes, nous avons reconnu le besoin d&#8217;une approche plus simple. Sanepo Tools a \u00e9t\u00e9 con\u00e7u pour offrir aux utilisateurs d&#8217;Internet, aux professionnels du num\u00e9rique et [&hellip;]<\/p>\n","protected":false},"author":1,"featured_media":0,"parent":0,"menu_order":0,"comment_status":"closed","ping_status":"closed","template":"","meta":{"footnotes":""},"class_list":["post-92","page","type-page","status-publish","hentry"],"_links":{"self":[{"href":"https:\/\/tools.sanepo.com\/fr\/wp-json\/wp\/v2\/pages\/92","targetHints":{"allow":["GET"]}}],"collection":[{"href":"https:\/\/tools.sanepo.com\/fr\/wp-json\/wp\/v2\/pages"}],"about":[{"href":"https:\/\/tools.sanepo.com\/fr\/wp-json\/wp\/v2\/types\/page"}],"author":[{"embeddable":true,"href":"https:\/\/tools.sanepo.com\/fr\/wp-json\/wp\/v2\/users\/1"}],"replies":[{"embeddable":true,"href":"https:\/\/tools.sanepo.com\/fr\/wp-json\/wp\/v2\/comments?post=92"}],"version-history":[{"count":1,"href":"https:\/\/tools.sanepo.com\/fr\/wp-json\/wp\/v2\/pages\/92\/revisions"}],"predecessor-version":[{"id":93,"href":"https:\/\/tools.sanepo.com\/fr\/wp-json\/wp\/v2\/pages\/92\/revisions\/93"}],"wp:attachment":[{"href":"https:\/\/tools.sanepo.com\/fr\/wp-json\/wp\/v2\/media?parent=92"}],"curies":[{"name":"wp","href":"https:\/\/api.w.org\/{rel}","templated":true}]}}